{"id":301,"date":"2022-12-29T16:50:26","date_gmt":"2022-12-29T13:50:26","guid":{"rendered":"https:\/\/bigg.ktu.edu.tr\/?page_id=301"},"modified":"2023-01-03T09:31:48","modified_gmt":"2023-01-03T06:31:48","slug":"iletisim","status":"publish","type":"page","link":"https:\/\/bigg.ktu.edu.tr\/?page_id=301","title":{"rendered":"1512 B\u0130GG"},"content":{"rendered":"<div data-colibri-id=\"301-c1\" class=\"style-339 style-local-301-c1 position-relative\">\n  <!----><\/p>\n<div data-colibri-component=\"section\" data-colibri-id=\"301-c2\" id=\"initial-content\" class=\"h-section h-section-global-spacing d-flex align-items-lg-end align-items-md-end align-items-end style-340 style-local-301-c2 position-relative\">\n    <!----><br \/>\n    <!----><\/p>\n<div class=\"h-section-grid-container h-section-boxed-container\">\n      <!----><\/p>\n<div data-colibri-id=\"301-c3\" class=\"h-row-container gutters-row-lg-2 gutters-row-md-2 gutters-row-0 gutters-row-v-lg-2 gutters-row-v-md-2 gutters-row-v-2 style-362 style-local-301-c3 position-relative\">\n        <!----><\/p>\n<div class=\"h-row justify-content-lg-center justify-content-md-center justify-content-center align-items-lg-stretch align-items-md-stretch align-items-stretch gutters-col-lg-2 gutters-col-md-2 gutters-col-0 gutters-col-v-lg-2 gutters-col-v-md-2 gutters-col-v-2\">\n          <!----><\/p>\n<div class=\"h-column h-column-container d-flex h-col-lg-auto h-col-md-auto h-col-auto style-363-outer style-local-301-c4-outer\">\n<div data-colibri-id=\"301-c4\" class=\"d-flex h-flex-basis h-column__inner h-px-lg-2 h-px-md-2 h-px-2 v-inner-lg-2 v-inner-md-2 v-inner-2 style-363 style-local-301-c4 position-relative\">\n              <!----><br \/>\n              <!----><\/p>\n<div class=\"w-100 h-y-container h-column__content h-column__v-align flex-basis-100 align-self-lg-start align-self-md-start align-self-start\">\n                <!----><\/p>\n<div data-colibri-id=\"301-c5\" class=\"style-364 style-local-301-c5 position-relative h-element\">\n                  <!---->\n                <\/div>\n<\/p><\/div>\n<\/p><\/div>\n<\/p><\/div>\n<\/p><\/div>\n<\/p><\/div>\n<div data-colibri-id=\"301-c6\" class=\"h-row-container gutters-row-lg-2 gutters-row-md-2 gutters-row-0 gutters-row-v-lg-2 gutters-row-v-md-2 gutters-row-v-2 style-341 style-local-301-c6 position-relative\">\n        <!----><\/p>\n<div class=\"h-row justify-content-lg-center justify-content-md-center justify-content-center align-items-lg-stretch align-items-md-stretch align-items-stretch gutters-col-lg-2 gutters-col-md-2 gutters-col-0 gutters-col-v-lg-2 gutters-col-v-md-2 gutters-col-v-2\">\n          <!----><\/p>\n<div class=\"h-column h-column-container d-flex h-col-lg-auto h-col-md-auto h-col-auto style-342-outer style-local-301-c7-outer\">\n<div data-colibri-id=\"301-c7\" class=\"d-flex h-flex-basis h-column__inner h-px-lg-2 h-px-md-2 h-px-2 v-inner-lg-2 v-inner-md-2 v-inner-2 style-342 style-local-301-c7 position-relative\">\n              <!----><br \/>\n              <!----><\/p>\n<div class=\"w-100 h-y-container h-column__content h-column__v-align flex-basis-100 align-self-lg-start align-self-md-start align-self-start\">\n                <!----><\/p>\n<div data-colibri-id=\"301-c8\" class=\"h-global-transition-all h-heading style-360 style-local-301-c8 position-relative h-element\">\n                  <!----><\/p>\n<div class=\"h-heading__outer style-360 style-local-301-c8\">\n                    <!----><br \/>\n                    <!----><\/p>\n<h3 class=\"\">T\u00dcB\u0130TAK 1512 Giri\u015fimcilik Destek Program\u0131<\/h3>\n<\/p><\/div>\n<\/p><\/div>\n<div data-colibri-id=\"301-c9\" class=\"style-361 style-local-301-c9 position-relative h-element\">\n                  <!---->\n                <\/div>\n<div data-colibri-id=\"301-c10\" class=\"h-text h-text-component style-357 style-local-301-c10 position-relative h-element\">\n                  <!----><br \/>\n                  <!----><\/p>\n<div class=\"\">\n<p>Ekonomiye katk\u0131 sa\u011flayacak <strong>teknolojik ve yenilik\u00e7i<\/strong> i\u015f fikirlerinin hayata ge\u00e7irilmesini ve ba\u015flang\u0131\u00e7 \u015firketlerinin kurulmas\u0131n\u0131 ama\u00e7layan T\u00dcB\u0130TAK&#8217;\u0131n giri\u015fimcilik desteklerinden &#8220;1512 Giri\u015fimcilik Destek Program\u0131 (B\u0130GG)&#8221;,<br \/>\n                      <br \/>teknoloji ve yenilik odakl\u0131 i\u015f fikirlerinizi 450.000 TL \u00f6n \u00f6demeli %100 hibeyle desteklemektedir.<\/p>\n<ul>\n<li>Destek s\u00fcresi ek s\u00fcreler dahil 18 ay olup, proje bitiminde \u00e7al\u0131\u015f\u0131r bir prototip \u00fcretmeniz beklenmektedir.<\/li>\n<li>Bilgi birikiminizi B\u0130GGiri\u015fim deste\u011fi ile ba\u015far\u0131l\u0131 \u015firketlere d\u00f6n\u00fc\u015ft\u00fcrerek ticarile\u015fme f\u0131rsat\u0131 yakalayabilirsiniz!<\/li>\n<\/ul>\n<p><strong>Ba\u015fvuru \u015fartlar\u0131:<\/strong><\/p>\n<ul>\n<li>Herhangi bir \u00f6n lisans, lisans, y\u00fcksek lisans veya doktora program\u0131na kay\u0131tl\u0131 \u00f6\u011frenci veya ilgili programlardan mezun olmak,<\/li>\n<li>Daha \u00f6nce T\u00dcB\u0130TAK 1512 ya da Bilim Sanayi ve Teknoloji Bakanl\u0131\u011f\u0131 Teknogiri\u015fim Programlar\u0131ndan destek almamak,<\/li>\n<li>Ba\u015fvuru tarihi itibari ile herhangi bir \u015firkette ortakl\u0131\u011f\u0131 bulunmamak.<\/li>\n<\/ul>\n<p><strong>S\u00fcre\u00e7<\/strong><\/p>\n<ul>\n<li><strong>A\u015fama 1<\/strong> kapsam\u0131nda i\u015f fikirleri uygulay\u0131c\u0131 kurulu\u015f taraf\u0131ndan de\u011ferlendirilerek uygun bulunan i\u015f fikirleri uygulay\u0131c\u0131 kurulu\u015f destekleri ile i\u015f plan\u0131na d\u00f6n\u00fc\u015ft\u00fcr\u00fcl\u00fcr.<\/li>\n<li><strong>A\u015fama 2<\/strong> kapsam\u0131nda giri\u015fimci adaylar\u0131n\u0131n i\u015f planlar\u0131 T\u00dcB\u0130TAK&#8217;a sunulur ve T\u00dcB\u0130TAK taraf\u0131ndan panel de\u011ferlendirmesine al\u0131n\u0131r. De\u011ferlendirme sonucunda uygun bulunan i\u015f planlar\u0131 T\u00dcB\u0130TAK taraf\u0131ndan desteklenir.<\/li>\n<li>&nbsp;<strong>A\u015fama 3<\/strong> kapsam\u0131nda 1512 B\u0130GG Program\u0131n\u0131 ba\u015far\u0131 ile tamamlayan giri\u015fimciler T\u00dcB\u0130TAK 1507 KOB\u0130 Ar-Ge Ba\u015flang\u0131\u00e7 Destek Program\u0131&#8217;na ba\u015fvuruda bulunabilir.<\/li>\n<\/ul>\n<p>\n                      \n                    <\/p>\n<\/p><\/div>\n<\/p><\/div>\n<div data-colibri-id=\"301-c11\" class=\"style-350 style-local-301-c11 position-relative h-element\">\n                  <!---->\n                <\/div>\n<div data-colibri-id=\"301-c12\" class=\"style-356 style-local-301-c12 position-relative h-element\">\n                  <!---->\n                <\/div>\n<\/p><\/div>\n<\/p><\/div>\n<\/p><\/div>\n<\/p><\/div>\n<\/p><\/div>\n<\/p><\/div>\n<\/p><\/div>\n<\/div>\n","protected":false},"excerpt":{"rendered":"<p>T\u00dcB\u0130TAK 1512 Giri\u015fimcilik Destek Program\u0131 Ekonomiye katk\u0131 sa\u011flayacak teknolojik ve yenilik\u00e7i i\u015f fikirlerinin hayata ge\u00e7irilmesini ve ba\u015flang\u0131\u00e7 \u015firketlerinin kurulmas\u0131n\u0131 ama\u00e7layan [&hellip;]<\/p>\n","protected":false},"author":1,"featured_media":0,"parent":12,"menu_order":0,"comment_status":"closed","ping_status":"closed","template":"page-templates\/full-width-page.php","meta":{"site-sidebar-layout":"default","site-content-layout":"","ast-site-content-layout":"","site-content-style":"default","site-sidebar-style":"default","ast-global-header-display":"","ast-banner-title-visibility":"","ast-main-header-display":"","ast-hfb-above-header-display":"","ast-hfb-below-header-display":"","ast-hfb-mobile-header-display":"","site-post-title":"","ast-breadcrumbs-content":"","ast-featured-img":"","footer-sml-layout":"","theme-transparent-header-meta":"","adv-header-id-meta":"","stick-header-meta":"","header-above-stick-meta":"","header-main-stick-meta":"","header-below-stick-meta":"","astra-migrate-meta-layouts":"default","ast-page-background-enabled":"default","ast-page-background-meta":{"desktop":{"background-color":"var(--ast-global-color-4)","background-image":"","background-repeat":"repeat","background-position":"center center","background-size":"auto","background-attachment":"scroll","background-type":"","background-media":"","overlay-type":"","overlay-color":"","overlay-gradient":""},"tablet":{"background-color":"","background-image":"","background-repeat":"repeat","background-position":"center center","background-size":"auto","background-attachment":"scroll","background-type":"","background-media":"","overlay-type":"","overlay-color":"","overlay-gradient":""},"mobile":{"background-color":"","background-image":"","background-repeat":"repeat","background-position":"center center","background-size":"auto","background-attachment":"scroll","background-type":"","background-media":"","overlay-type":"","overlay-color":"","overlay-gradient":""}},"ast-content-background-meta":{"desktop":{"background-color":"var(--ast-global-color-5)","background-image":"","background-repeat":"repeat","background-position":"center center","background-size":"auto","background-attachment":"scroll","background-type":"","background-media":"","overlay-type":"","overlay-color":"","overlay-gradient":""},"tablet":{"background-color":"var(--ast-global-color-5)","background-image":"","background-repeat":"repeat","background-position":"center center","background-size":"auto","background-attachment":"scroll","background-type":"","background-media":"","overlay-type":"","overlay-color":"","overlay-gradient":""},"mobile":{"background-color":"var(--ast-global-color-5)","background-image":"","background-repeat":"repeat","background-position":"center center","background-size":"auto","background-attachment":"scroll","background-type":"","background-media":"","overlay-type":"","overlay-color":"","overlay-gradient":""}}},"_links":{"self":[{"href":"https:\/\/bigg.ktu.edu.tr\/index.php?rest_route=\/wp\/v2\/pages\/301"}],"collection":[{"href":"https:\/\/bigg.ktu.edu.tr\/index.php?rest_route=\/wp\/v2\/pages"}],"about":[{"href":"https:\/\/bigg.ktu.edu.tr\/index.php?rest_route=\/wp\/v2\/types\/page"}],"author":[{"embeddable":true,"href":"https:\/\/bigg.ktu.edu.tr\/index.php?rest_route=\/wp\/v2\/users\/1"}],"replies":[{"embeddable":true,"href":"https:\/\/bigg.ktu.edu.tr\/index.php?rest_route=%2Fwp%2Fv2%2Fcomments&post=301"}],"version-history":[{"count":13,"href":"https:\/\/bigg.ktu.edu.tr\/index.php?rest_route=\/wp\/v2\/pages\/301\/revisions"}],"predecessor-version":[{"id":513,"href":"https:\/\/bigg.ktu.edu.tr\/index.php?rest_route=\/wp\/v2\/pages\/301\/revisions\/513"}],"up":[{"embeddable":true,"href":"https:\/\/bigg.ktu.edu.tr\/index.php?rest_route=\/wp\/v2\/pages\/12"}],"wp:attachment":[{"href":"https:\/\/bigg.ktu.edu.tr\/index.php?rest_route=%2Fwp%2Fv2%2Fmedia&parent=301"}],"curies":[{"name":"wp","href":"https:\/\/api.w.org\/{rel}","templated":true}]}}