{"id":12,"date":"2022-12-28T17:13:53","date_gmt":"2022-12-28T14:13:53","guid":{"rendered":"https:\/\/bigg.ktu.edu.tr\/index.php\/brite\/"},"modified":"2026-03-07T10:59:41","modified_gmt":"2026-03-07T07:59:41","slug":"brite","status":"publish","type":"page","link":"https:\/\/bigg.ktu.edu.tr\/?page_id=12","title":{"rendered":"Ana Sayfa"},"content":{"rendered":"<div class=\"brz-root__container brz-reset-all\">\n<section data-uid=\"sijjvfuyvxvlflzakovczkvysyajihmffcjc\" id=\"sijjvfuyvxvlflzakovczkvysyajihmffcjc\" class=\"brz-section brz-css-oidyx\">\n<div class=\"brz-section__content brz-section--boxed brz-css-jidyo brz-css-emodz\" data-custom-id=\"ljhdjusxlvfididluzrnpwqinhzpilthfxai\">\n<div class=\"brz-bg overflow-hidden absolute top-0 left-0 w-full h-full\">\n<div class=\"brz-bg-color absolute top-0 left-0 w-full h-full\"><\/div>\n<\/div>\n<div class=\"brz-container brz-css-hdtdp\">\n<div class=\"brz-row__container brz-css-oqxdd\" data-custom-id=\"sumczcszthzqredevifjpicmhzlygjmduibr\">\n<div class=\"brz-bg overflow-hidden absolute top-0 left-0 w-full h-full\"><\/div>\n<div class=\"brz-row brz-css-ndcpd brz-css-vwxqe\">\n<div class=\"brz-columns brz-css-pjlfk brz-css-ilzjz\" data-custom-id=\"zjjcdhckqlirxggfoephtyhiiexswwhgsggf\">\n<div class=\"brz-bg overflow-hidden absolute top-0 left-0 w-full h-full\"><\/div>\n<div class=\"brz-column__items brz-css-hvdix\">\n<div class=\"brz-css-nkexn brz-wrapper\">\n<div class=\"brz-icon-text brz-css-bynpd\" data-custom-id=\"vyhvjutbcdiizuqhucloamttgjgkfggqmsrc\">\n<div id class=\"brz-icon__container\" data-custom-id=\"pwkmksobcwkxvmdheuaxtrvtnkveqvnkgvdl\"><span class=\"brz-icon brz-span brz-css-tcjtt brz-css-adzgl\">    <\/span><\/div>\n<div class=\"brz-text-btn\">\n<div class=\"brz-rich-text brz-rich-text__custom brz-css-bbaea\" data-custom-id=\"pniyropsfaaxeotrhgygpjgijdpvfflvduyl\">\n<div>\n<h4 data-uniq-id=\"nefjd\" data-generated-css=\"brz-css-omtpz\" class=\"brz-css-nccnj\"><strong class=\"brz-cp-color2\">Bize ula\u015f\u0131n<\/strong><\/h4>\n<p class=\"brz-css-linxq\" data-uniq-id=\"szfru\" data-generated-css=\"brz-css-kqmbi\"><a href=\"mailto:bigg@ktu.edu.tr\"><em><span class=\"text-population\" data-population=\"brizy_dc_post_author_email\">bigg@ktu.edu.tr<\/span><\/em> <\/a><\/p>\n<\/div>\n<\/div>\n<\/div>\n<\/div>\n<\/div>\n<\/div>\n<\/div>\n<div class=\"brz-columns brz-css-pjlfk brz-css-vddhq\" data-custom-id=\"qeqbjlihvkqlgjdzsiftzhszbkqmlgcrzbus\">\n<div class=\"brz-bg overflow-hidden absolute top-0 left-0 w-full h-full\"><\/div>\n<div class=\"brz-column__items brz-css-hvdix\">\n<div class=\"brz-css-nkexn brz-wrapper\">\n<div class=\"brz-icon-text brz-css-bynpd\" data-custom-id=\"rnecynvjhjiatjsfzfbgvozuodyadzgwjfbh\">\n<div id class=\"brz-icon__container\" data-custom-id=\"pwxaurqsmekqcvvklqwxhhrurpsljixjsruy\"><span class=\"brz-icon brz-span brz-css-tcjtt brz-css-opycj\">   <\/span><\/div>\n<div class=\"brz-text-btn\">\n<div class=\"brz-rich-text brz-rich-text__custom brz-css-bbaea\" data-custom-id=\"jelccauoxujxtejsdothvcjhnymddkxbpzug\">\n<div>\n<h4 class=\"brz-css-tboon\" data-uniq-id=\"kscvv\" data-generated-css=\"brz-css-lznot\"><strong class=\"brz-cp-color2\">Adres<\/strong><\/h4>\n<p class=\"brz-css-smwdu\" data-uniq-id=\"mcmxh\" data-generated-css=\"brz-css-cwjrx\"><em class=\"brz-cp-color3\">Karadeniz Teknik \u00dcniversitesi Teknoloji Transferi Uygulama ve Ara\u015ft\u0131rma Merkezi, Milli Egemenlik Cad. 46B , Mimarl\u0131k Fak\u00fcltesi Zemin Kat,\u00a061080 TRABZON<\/em><em class=\"brz-cp-color3\"> <\/em><\/p>\n<p class=\"brz-css-wkmjm\" data-uniq-id=\"xgsev\" data-generated-css=\"brz-css-dogbe\"><a href=\"https:\/\/vbettr.com.tr\/\" target=\"_blank\" class=\"link--external brz-cp-color8\" data-brz-link-type=\"external\" rel=\"noopener\">vbettr giri\u015f &#8211; <\/a><a href=\"https:\/\/kalebet34.net\/\" target=\"_blank\" class=\"link--external brz-cp-color8\" data-brz-link-type=\"external\" rel=\"noopener\">kalebet &#8211; <\/a><a href=\"https:\/\/1milosbet.com\" target=\"_blank\" class=\"link--external brz-cp-color8\" data-brz-link-type=\"external\" rel=\"noopener\">milosbet giri\u015f<\/a><\/p>\n<\/div>\n<\/div>\n<\/div>\n<\/div>\n<\/div>\n<\/div>\n<\/div>\n<div class=\"brz-columns brz-css-pjlfk brz-css-quecx\" data-custom-id=\"rmylycyklqyqyuytznhttryvvfwchqubicgo\">\n<div class=\"brz-bg overflow-hidden absolute top-0 left-0 w-full h-full\"><\/div>\n<div class=\"brz-column__items brz-css-hvdix\">\n<div class=\"brz-css-nkexn brz-css-vezja brz-wrapper\">\n<div class=\"brz-spacer brz-css-iwkoy\"><\/div>\n<\/div>\n<\/div>\n<\/div>\n<div class=\"brz-columns brz-css-pjlfk brz-css-digdl\" data-custom-id=\"jqyleaccxctsanjbxswqdoyinbxedmicxfkg\">\n<div class=\"brz-bg overflow-hidden absolute top-0 left-0 w-full h-full\"><\/div>\n<div class=\"brz-column__items brz-css-hvdix\">\n<div class=\"brz-css-nkexn brz-wrapper\">\n<div class=\"brz-icon-text brz-css-bynpd\" data-custom-id=\"wlioxjaejuxrhrkckvathctudfbbmruilees\">\n<div id class=\"brz-icon__container\" data-custom-id=\"fdaeaylzvlsvlomnnyrprkwnpspvisrvzkny\"><span class=\"brz-icon brz-span brz-css-tcjtt brz-css-ylvnl\">     <\/span><\/div>\n<div class=\"brz-text-btn\">\n<div class=\"brz-rich-text brz-rich-text__custom brz-css-bbaea\" data-custom-id=\"dddtpvcvixhtzwmkiahhyboqcirghxncibie\">\n<div>\n<h4 data-generated-css=\"brz-css-kexsj\" data-uniq-id=\"cxflt\" class=\"brz-css-odeis\"><strong class=\"brz-cp-color2\">Bizi takip edin<\/strong><\/h4>\n<h4 class=\"brz-css-gavpu\" data-generated-css=\"brz-css-onsit\" data-uniq-id=\"uhczw\"><\/h4>\n<p class=\"brz-css-satao\" data-generated-css=\"brz-css-xlsbx\" data-uniq-id=\"edbfo\"><\/p>\n<\/div>\n<\/div>\n<\/div>\n<\/div>\n<\/div>\n<div class=\"brz-row__container brz-css-oqxdd\" data-custom-id=\"sxzsnlqdcpmliapwmnoypruufyovvnbcncqr\">\n<div class=\"brz-bg overflow-hidden absolute top-0 left-0 w-full h-full\"><\/div>\n<div class=\"brz-row brz-row--inner brz-css-ndcpd\">\n<div class=\"brz-columns brz-css-pjlfk brz-css-rnynq\" data-custom-id=\"rkflghlkxelearpcmbygmpyzecqmkgthlshr\">\n<div class=\"brz-bg overflow-hidden absolute top-0 left-0 w-full h-full\"><\/div>\n<div class=\"brz-column__items brz-css-hvdix\">\n<div class=\"brz-wrapper-clone brz-css-nwrhd brz-css-kzwyq\">\n<div class=\"brz-d-xs-flex brz-flex-xs-wrap brz-css-gmfqn brz-css-hrqbc\">\n<div class=\"brz-wrapper-clone__item brz-css-srpju\" id=\"iamgdcqltfbprehobcryvjyeuhiwkhbuegtl\">\n<div id class=\"brz-icon__container\" data-custom-id=\"iamgdcqltfbprehobcryvjyeuhiwkhbuegtl\"><a class=\"brz-a\" href=\"https:\/\/www.instagram.com\/biggirisim\/\" target=\"_blank\" rel=\"noopener\" data-brz-link-type=\"external\" id><span class=\"brz-icon brz-span brz-css-tcjtt brz-css-doagw\">  <\/span><\/a><\/div>\n<\/div>\n<\/div>\n<\/div>\n<\/div>\n<p><a class=\"brz-a brz-container-link\" href=\"https:\/\/www.instagram.com\/biggirisim\/\" target=\"_blank\" rel=\"noopener\" data-brz-link-type=\"external\" id><\/a><\/div>\n<div class=\"brz-columns brz-css-pjlfk brz-css-unqzj\" data-custom-id=\"qtwalewbmfjnkfkodxavkfokdjppwlwznmrz\">\n<div class=\"brz-bg overflow-hidden absolute top-0 left-0 w-full h-full\"><\/div>\n<div class=\"brz-column__items brz-css-hvdix\">\n<div class=\"brz-wrapper-clone brz-css-nwrhd brz-css-xatas\">\n<div class=\"brz-d-xs-flex brz-flex-xs-wrap brz-css-gmfqn\">\n<div class=\"brz-wrapper-clone__item brz-css-srpju\" id=\"ulocdrkddezbhelphomwkrbjibfszgfruwat\">\n<div id class=\"brz-icon__container\" data-custom-id=\"ulocdrkddezbhelphomwkrbjibfszgfruwat\"><a class=\"brz-a\" href=\"https:\/\/www.youtube.com\/@ktuttm9524\/videos\" target=\"_blank\" rel=\"noopener\" data-brz-link-type=\"external\" id><span class=\"brz-icon brz-span brz-css-tcjtt brz-css-exelz\"><\/span><\/a><\/div>\n<\/div>\n<\/div>\n<\/div>\n<\/div>\n<\/div>\n<div class=\"brz-columns brz-css-pjlfk brz-css-qedui\" data-custom-id=\"sfxujxwtgehobumckueqiznjmvdbwclpsdve\">\n<div class=\"brz-bg overflow-hidden absolute top-0 left-0 w-full h-full\"><\/div>\n<div class=\"brz-column__items brz-css-hvdix\">\n<div class=\"brz-wrapper-clone brz-css-nwrhd brz-css-imkoo\">\n<div class=\"brz-d-xs-flex brz-flex-xs-wrap brz-css-gmfqn\">\n<div class=\"brz-wrapper-clone__item brz-css-srpju\" id=\"tylmdysvcyququtrdmfxvmznloonnndzodnp\">\n<div id class=\"brz-icon__container\" data-custom-id=\"tylmdysvcyququtrdmfxvmznloonnndzodnp\"><a class=\"brz-a\" href=\"https:\/\/www.linkedin.com\/in\/kt%C3%BC-ttm-6a215410a\/\" target=\"_blank\" rel=\"noopener\" data-brz-link-type=\"external\" id><span class=\"brz-icon brz-span brz-css-tcjtt brz-css-azjov\"><\/span><\/a><\/div>\n<\/div>\n<\/div>\n<\/div>\n<\/div>\n<\/div>\n<div class=\"brz-columns brz-css-pjlfk brz-css-mwneu\" data-custom-id=\"lsoeogdlptmzxwqyjzzixnslpjdzerykmzlv\">\n<div class=\"brz-bg overflow-hidden absolute top-0 left-0 w-full h-full\"><\/div>\n<div class=\"brz-column__items brz-css-hvdix\">\n<div class=\"brz-wrapper-clone brz-css-nwrhd brz-css-yifnr\">\n<div class=\"brz-d-xs-flex brz-flex-xs-wrap brz-css-gmfqn\">\n<div class=\"brz-wrapper-clone__item brz-css-srpju\" id=\"acfofdfeqcrsvscwatienshasfmemeqbktww\">\n<div id class=\"brz-icon__container\" data-custom-id=\"acfofdfeqcrsvscwatienshasfmemeqbktww\"><a class=\"brz-a\" href=\"https:\/\/www.ktu.edu.tr\/tto\" target=\"_blank\" rel=\"noopener\" data-brz-link-type=\"external\" id><span class=\"brz-icon brz-span brz-css-tcjtt brz-css-lppzo\"><\/span><\/a><\/div>\n<\/div>\n<\/div>\n<\/div>\n<\/div>\n<\/div>\n<\/div>\n<\/div>\n<\/div>\n<\/div>\n<\/div>\n<\/div>\n<\/div>\n<\/div>\n<\/section>\n<\/div>\n<p><!-- version:1772870381 --><\/p>\n","protected":false},"excerpt":{"rendered":"<p>Bize ula\u015f\u0131n bigg@ktu.edu.tr Adres Karadeniz Teknik \u00dcniversitesi Teknoloji Transferi Uygulama ve Ara\u015ft\u0131rma Merkezi, Milli Egemenlik Cad. 46B , Mimarl\u0131k Fak\u00fcltesi [&hellip;]<\/p>\n","protected":false},"author":1,"featured_media":0,"parent":0,"menu_order":0,"comment_status":"closed","ping_status":"closed","template":"brizy-blank-template.php","meta":{"site-sidebar-layout":"default","site-content-layout":"","ast-site-content-layout":"","site-content-style":"default","site-sidebar-style":"default","ast-global-header-display":"","ast-banner-title-visibility":"","ast-main-header-display":"","ast-hfb-above-header-display":"","ast-hfb-below-header-display":"","ast-hfb-mobile-header-display":"","site-post-title":"","ast-breadcrumbs-content":"","ast-featured-img":"","footer-sml-layout":"","theme-transparent-header-meta":"","adv-header-id-meta":"","stick-header-meta":"","header-above-stick-meta":"","header-main-stick-meta":"","header-below-stick-meta":"","astra-migrate-meta-layouts":"default","ast-page-background-enabled":"default","ast-page-background-meta":{"desktop":{"background-color":"var(--ast-global-color-4)","background-image":"","background-repeat":"repeat","background-position":"center center","background-size":"auto","background-attachment":"scroll","background-type":"","background-media":"","overlay-type":"","overlay-color":"","overlay-gradient":""},"tablet":{"background-color":"","background-image":"","background-repeat":"repeat","background-position":"center center","background-size":"auto","background-attachment":"scroll","background-type":"","background-media":"","overlay-type":"","overlay-color":"","overlay-gradient":""},"mobile":{"background-color":"","background-image":"","background-repeat":"repeat","background-position":"center center","background-size":"auto","background-attachment":"scroll","background-type":"","background-media":"","overlay-type":"","overlay-color":"","overlay-gradient":""}},"ast-content-background-meta":{"desktop":{"background-color":"var(--ast-global-color-5)","background-image":"","background-repeat":"repeat","background-position":"center center","background-size":"auto","background-attachment":"scroll","background-type":"","background-media":"","overlay-type":"","overlay-color":"","overlay-gradient":""},"tablet":{"background-color":"var(--ast-global-color-5)","background-image":"","background-repeat":"repeat","background-position":"center center","background-size":"auto","background-attachment":"scroll","background-type":"","background-media":"","overlay-type":"","overlay-color":"","overlay-gradient":""},"mobile":{"background-color":"var(--ast-global-color-5)","background-image":"","background-repeat":"repeat","background-position":"center center","background-size":"auto","background-attachment":"scroll","background-type":"","background-media":"","overlay-type":"","overlay-color":"","overlay-gradient":""}}},"_links":{"self":[{"href":"https:\/\/bigg.ktu.edu.tr\/index.php?rest_route=\/wp\/v2\/pages\/12"}],"collection":[{"href":"https:\/\/bigg.ktu.edu.tr\/index.php?rest_route=\/wp\/v2\/pages"}],"about":[{"href":"https:\/\/bigg.ktu.edu.tr\/index.php?rest_route=\/wp\/v2\/types\/page"}],"author":[{"embeddable":true,"href":"https:\/\/bigg.ktu.edu.tr\/index.php?rest_route=\/wp\/v2\/users\/1"}],"replies":[{"embeddable":true,"href":"https:\/\/bigg.ktu.edu.tr\/index.php?rest_route=%2Fwp%2Fv2%2Fcomments&post=12"}],"version-history":[{"count":20,"href":"https:\/\/bigg.ktu.edu.tr\/index.php?rest_route=\/wp\/v2\/pages\/12\/revisions"}],"predecessor-version":[{"id":567,"href":"https:\/\/bigg.ktu.edu.tr\/index.php?rest_route=\/wp\/v2\/pages\/12\/revisions\/567"}],"wp:attachment":[{"href":"https:\/\/bigg.ktu.edu.tr\/index.php?rest_route=%2Fwp%2Fv2%2Fmedia&parent=12"}],"curies":[{"name":"wp","href":"https:\/\/api.w.org\/{rel}","templated":true}]}}